{"id":434,"date":"2023-03-14T21:39:24","date_gmt":"2023-03-14T21:39:24","guid":{"rendered":"https:\/\/productosdeapoyonavarra.es\/?page_id=434"},"modified":"2023-03-16T17:22:46","modified_gmt":"2023-03-16T17:22:46","slug":"blog","status":"publish","type":"page","link":"https:\/\/productosdeapoyonavarra.es\/?page_id=434","title":{"rendered":"blog"},"content":{"rendered":"\t\t<div data-elementor-type=\"wp-page\" data-elementor-id=\"434\" class=\"elementor elementor-434\">\n\t\t\t\t\t\t\t\t\t<section class=\"elementor-section elementor-top-section elementor-element elementor-element-5e459777 elementor-section-boxed elementor-section-height-default elementor-section-height-default\" data-id=\"5e459777\" data-element_type=\"section\">\n\t\t\t\t\t\t<div class=\"elementor-container elementor-column-gap-no\">\n\t\t\t\t\t<div class=\"elementor-column elementor-col-100 elementor-top-column elementor-element elementor-element-7d463ca2\" data-id=\"7d463ca2\" data-element_type=\"column\">\n\t\t\t<div class=\"elementor-widget-wrap elementor-element-populated\">\n\t\t\t\t\t\t\t\t<div class=\"elementor-element elementor-element-3a4b8682 elementor--h-position-center elementor--v-position-middle elementor-arrows-position-inside elementor-pagination-position-inside elementor-widget elementor-widget-slides\" data-id=\"3a4b8682\" data-element_type=\"widget\" data-settings=\"{&quot;navigation&quot;:&quot;both&quot;,&quot;autoplay&quot;:&quot;yes&quot;,&quot;pause_on_hover&quot;:&quot;yes&quot;,&quot;pause_on_interaction&quot;:&quot;yes&quot;,&quot;autoplay_speed&quot;:5000,&quot;infinite&quot;:&quot;yes&quot;,&quot;transition&quot;:&quot;slide&quot;,&quot;transition_speed&quot;:500}\" data-widget_type=\"slides.default\">\n\t\t\t\t<div class=\"elementor-widget-container\">\n\t\t\t<style>\/*! elementor-pro - v3.11.3 - 26-02-2023 *\/\n.elementor-slides .swiper-slide-bg{background-size:cover;background-position:50%;background-repeat:no-repeat;min-width:100%;min-height:100%}.elementor-slides .swiper-slide-inner{background-repeat:no-repeat;background-position:50%;position:absolute;top:0;left:0;bottom:0;right:0;padding:50px;margin:auto}.elementor-slides .swiper-slide-inner,.elementor-slides .swiper-slide-inner:hover{color:#fff;display:flex}.elementor-slides .swiper-slide-inner .elementor-background-overlay{position:absolute;z-index:0;top:0;bottom:0;left:0;right:0}.elementor-slides .swiper-slide-inner .elementor-slide-content{position:relative;z-index:1;width:100%}.elementor-slides .swiper-slide-inner .elementor-slide-heading{font-size:35px;font-weight:700;line-height:1}.elementor-slides .swiper-slide-inner .elementor-slide-description{font-size:17px;line-height:1.4}.elementor-slides .swiper-slide-inner .elementor-slide-description:not(:last-child),.elementor-slides .swiper-slide-inner .elementor-slide-heading:not(:last-child){margin-bottom:30px}.elementor-slides .swiper-slide-inner .elementor-slide-button{border:2px solid #fff;color:#fff;background:transparent;display:inline-block}.elementor-slides .swiper-slide-inner .elementor-slide-button,.elementor-slides .swiper-slide-inner .elementor-slide-button:hover{background:transparent;color:inherit;text-decoration:none}.elementor--v-position-top .swiper-slide-inner{align-items:flex-start}.elementor--v-position-bottom .swiper-slide-inner{align-items:flex-end}.elementor--v-position-middle .swiper-slide-inner{align-items:center}.elementor--h-position-left .swiper-slide-inner{justify-content:flex-start}.elementor--h-position-right .swiper-slide-inner{justify-content:flex-end}.elementor--h-position-center .swiper-slide-inner{justify-content:center}body.rtl .elementor-widget-slides .elementor-swiper-button-next{left:10px;right:auto}body.rtl .elementor-widget-slides .elementor-swiper-button-prev{right:10px;left:auto}.elementor-slides-wrapper div:not(.swiper-slide)>.swiper-slide-inner{display:none}@media (max-width:767px){.elementor-slides .swiper-slide-inner{padding:30px}.elementor-slides .swiper-slide-inner .elementor-slide-heading{font-size:23px;line-height:1;margin-bottom:15px}.elementor-slides .swiper-slide-inner .elementor-slide-description{font-size:13px;line-height:1.4;margin-bottom:15px}}<\/style>\t\t<div class=\"elementor-swiper\">\n\t\t\t<div class=\"elementor-slides-wrapper elementor-main-swiper swiper-container\" dir=\"ltr\" data-animation=\"fadeInUp\">\n\t\t\t\t<div class=\"swiper-wrapper elementor-slides\">\n\t\t\t\t\t\t\t\t\t\t<div class=\"elementor-repeater-item-5a90523 swiper-slide\"><div class=\"swiper-slide-bg\"><\/div><div class=\"swiper-slide-inner\" ><div class=\"swiper-slide-contents\"><\/div><\/div><\/div>\t\t\t\t<\/div>\n\t\t\t\t\t\t\t<\/div>\n\t\t<\/div>\n\t\t\t\t<\/div>\n\t\t\t\t<\/div>\n\t\t\t\t\t<\/div>\n\t\t<\/div>\n\t\t\t\t\t\t\t<\/div>\n\t\t<\/section>\n\t\t\t\t<section class=\"elementor-section elementor-top-section elementor-element elementor-element-18f8ef6a elementor-section-height-min-height elementor-section-boxed elementor-section-height-default elementor-section-items-middle\" data-id=\"18f8ef6a\" data-element_type=\"section\" data-settings=\"{&quot;background_background&quot;:&quot;classic&quot;}\">\n\t\t\t\t\t\t<div class=\"elementor-container elementor-column-gap-default\">\n\t\t\t\t\t<div class=\"elementor-column elementor-col-25 elementor-top-column elementor-element elementor-element-62eb137f\" data-id=\"62eb137f\" data-element_type=\"column\">\n\t\t\t<div class=\"elementor-widget-wrap\">\n\t\t\t\t\t\t\t\t\t<\/div>\n\t\t<\/div>\n\t\t\t\t<div class=\"elementor-column elementor-col-25 elementor-top-column elementor-element elementor-element-a76628b\" data-id=\"a76628b\" data-element_type=\"column\">\n\t\t\t<div class=\"elementor-widget-wrap elementor-element-populated\">\n\t\t\t\t\t\t\t\t<div class=\"elementor-element elementor-element-17070acc elementor-widget elementor-widget-heading\" data-id=\"17070acc\" data-element_type=\"widget\" data-widget_type=\"heading.default\">\n\t\t\t\t<div class=\"elementor-widget-container\">\n\t\t\t<style>\/*! elementor - v3.11.5 - 14-03-2023 *\/\n.elementor-heading-title{padding:0;margin:0;line-height:1}.elementor-widget-heading .elementor-heading-title[class*=elementor-size-]>a{color:inherit;font-size:inherit;line-height:inherit}.elementor-widget-heading .elementor-heading-title.elementor-size-small{font-size:15px}.elementor-widget-heading .elementor-heading-title.elementor-size-medium{font-size:19px}.elementor-widget-heading .elementor-heading-title.elementor-size-large{font-size:29px}.elementor-widget-heading .elementor-heading-title.elementor-size-xl{font-size:39px}.elementor-widget-heading .elementor-heading-title.elementor-size-xxl{font-size:59px}<\/style><h2 class=\"elementor-heading-title elementor-size-default\">Blog<\/h2>\t\t<\/div>\n\t\t\t\t<\/div>\n\t\t\t\t\t<\/div>\n\t\t<\/div>\n\t\t\t\t<div class=\"elementor-column elementor-col-25 elementor-top-column elementor-element elementor-element-2456948\" data-id=\"2456948\" data-element_type=\"column\">\n\t\t\t<div class=\"elementor-widget-wrap elementor-element-populated\">\n\t\t\t\t\t\t\t\t<div class=\"elementor-element elementor-element-7e7cd4f1 elementor-widget elementor-widget-heading\" data-id=\"7e7cd4f1\" data-element_type=\"widget\" data-widget_type=\"heading.default\">\n\t\t\t\t<div class=\"elementor-widget-container\">\n\t\t\t<h2 class=\"elementor-heading-title elementor-size-default\">Noticias y experiencias del Plan de pr\u00e9stamo de productos de apoyo de Navarra<\/h2>\t\t<\/div>\n\t\t\t\t<\/div>\n\t\t\t\t\t<\/div>\n\t\t<\/div>\n\t\t\t\t<div class=\"elementor-column elementor-col-25 elementor-top-column elementor-element elementor-element-4dc1b8fc\" data-id=\"4dc1b8fc\" data-element_type=\"column\">\n\t\t\t<div class=\"elementor-widget-wrap\">\n\t\t\t\t\t\t\t\t\t<\/div>\n\t\t<\/div>\n\t\t\t\t\t\t\t<\/div>\n\t\t<\/section>\n\t\t\t\t<section class=\"elementor-section elementor-top-section elementor-element elementor-element-57b3d6db elementor-section-boxed elementor-section-height-default elementor-section-height-default\" data-id=\"57b3d6db\" data-element_type=\"section\">\n\t\t\t\t\t\t<div class=\"elementor-container elementor-column-gap-default\">\n\t\t\t\t\t<div class=\"elementor-column elementor-col-100 elementor-top-column elementor-element elementor-element-27ca3754\" data-id=\"27ca3754\" data-element_type=\"column\">\n\t\t\t<div class=\"elementor-widget-wrap elementor-element-populated\">\n\t\t\t\t\t\t\t\t<div class=\"elementor-element elementor-element-c88dd28 elementor-grid-3 elementor-grid-tablet-2 elementor-grid-mobile-1 elementor-posts--thumbnail-top elementor-widget elementor-widget-posts\" data-id=\"c88dd28\" data-element_type=\"widget\" data-settings=\"{&quot;classic_columns&quot;:&quot;3&quot;,&quot;classic_columns_tablet&quot;:&quot;2&quot;,&quot;classic_columns_mobile&quot;:&quot;1&quot;,&quot;classic_row_gap&quot;:{&quot;unit&quot;:&quot;px&quot;,&quot;size&quot;:35,&quot;sizes&quot;:[]},&quot;classic_row_gap_tablet&quot;:{&quot;unit&quot;:&quot;px&quot;,&quot;size&quot;:&quot;&quot;,&quot;sizes&quot;:[]},&quot;classic_row_gap_mobile&quot;:{&quot;unit&quot;:&quot;px&quot;,&quot;size&quot;:&quot;&quot;,&quot;sizes&quot;:[]}}\" data-widget_type=\"posts.classic\">\n\t\t\t\t<div class=\"elementor-widget-container\">\n\t\t\t<link rel=\"stylesheet\" href=\"https:\/\/productosdeapoyonavarra.es\/wp-content\/plugins\/pro-elements\/assets\/css\/widget-posts.min.css\">\t\t<div class=\"elementor-posts-container elementor-posts elementor-posts--skin-classic elementor-grid\">\n\t\t\t\t<article class=\"elementor-post elementor-grid-item post-767 post type-post status-publish format-standard has-post-thumbnail hentry category-sin-categorizar\">\n\t\t\t\t<a class=\"elementor-post__thumbnail__link\" href=\"https:\/\/productosdeapoyonavarra.es\/?p=767\" >\n\t\t\t<div class=\"elementor-post__thumbnail\"><img loading=\"lazy\" decoding=\"async\" width=\"300\" height=\"259\" src=\"https:\/\/productosdeapoyonavarra.es\/wp-content\/uploads\/2023\/03\/thumbnail_IMG_8318-300x259.jpg\" class=\"attachment-medium size-medium wp-image-769\" alt=\"\" srcset=\"https:\/\/productosdeapoyonavarra.es\/wp-content\/uploads\/2023\/03\/thumbnail_IMG_8318-300x259.jpg 300w, https:\/\/productosdeapoyonavarra.es\/wp-content\/uploads\/2023\/03\/thumbnail_IMG_8318-1024x886.jpg 1024w, https:\/\/productosdeapoyonavarra.es\/wp-content\/uploads\/2023\/03\/thumbnail_IMG_8318-768x664.jpg 768w, https:\/\/productosdeapoyonavarra.es\/wp-content\/uploads\/2023\/03\/thumbnail_IMG_8318.jpg 1280w\" sizes=\"auto, (max-width: 300px) 100vw, 300px\" \/><\/div>\n\t\t<\/a>\n\t\t\t\t<div class=\"elementor-post__text\">\n\t\t\t\t<h3 class=\"elementor-post__title\">\n\t\t\t<a href=\"https:\/\/productosdeapoyonavarra.es\/?p=767\" >\n\t\t\t\tLa campa\u00f1a \u00abproductos de apoyo\u00bb de Navarra recibe los primeros art\u00edculos por parte de la ciudadan\u00eda\t\t\t<\/a>\n\t\t<\/h3>\n\t\t\t\t<div class=\"elementor-post__meta-data\">\n\t\t\t\t\t<span class=\"elementor-post-date\">\n\t\t\t31 de marzo de 2023\t\t<\/span>\n\t\t\t\t<\/div>\n\t\t\t\t<div class=\"elementor-post__excerpt\">\n\t\t\t<p>La solidaridad de la sociedad navarra se hace eco de la primera campa\u00f1a de productos de apoyo de Navarra haciendo las primeras donaciones de art\u00edculos<\/p>\n\t\t<\/div>\n\t\t\n\t\t<a class=\"elementor-post__read-more\" href=\"https:\/\/productosdeapoyonavarra.es\/?p=767\" aria-label=\"Read more about La campa\u00f1a \u00abproductos de apoyo\u00bb de Navarra recibe los primeros art\u00edculos por parte de la ciudadan\u00eda\" >\n\t\t\tLeer m\u00e1s \u00bb\t\t<\/a>\n\n\t\t\t\t<\/div>\n\t\t\t\t<\/article>\n\t\t\t\t<article class=\"elementor-post elementor-grid-item post-763 post type-post status-publish format-standard has-post-thumbnail hentry category-sin-categorizar\">\n\t\t\t\t<a class=\"elementor-post__thumbnail__link\" href=\"https:\/\/productosdeapoyonavarra.es\/?p=763\" >\n\t\t\t<div class=\"elementor-post__thumbnail\"><img loading=\"lazy\" decoding=\"async\" width=\"300\" height=\"225\" src=\"https:\/\/productosdeapoyonavarra.es\/wp-content\/uploads\/2023\/03\/presentacion2-300x225.jpg\" class=\"attachment-medium size-medium wp-image-764\" alt=\"presentacion campa\u00f1a\" srcset=\"https:\/\/productosdeapoyonavarra.es\/wp-content\/uploads\/2023\/03\/presentacion2-300x225.jpg 300w, https:\/\/productosdeapoyonavarra.es\/wp-content\/uploads\/2023\/03\/presentacion2-1024x768.jpg 1024w, https:\/\/productosdeapoyonavarra.es\/wp-content\/uploads\/2023\/03\/presentacion2-768x576.jpg 768w, https:\/\/productosdeapoyonavarra.es\/wp-content\/uploads\/2023\/03\/presentacion2.jpg 1280w\" sizes=\"auto, (max-width: 300px) 100vw, 300px\" \/><\/div>\n\t\t<\/a>\n\t\t\t\t<div class=\"elementor-post__text\">\n\t\t\t\t<h3 class=\"elementor-post__title\">\n\t\t\t<a href=\"https:\/\/productosdeapoyonavarra.es\/?p=763\" >\n\t\t\t\tArranca la I Campa\u00f1a de Donaci\u00f3n de Productos de Apoyo de Navarra: \u00abDa una segunda vida a ese art\u00edculo arrinconado en el trastero\u00bb\t\t\t<\/a>\n\t\t<\/h3>\n\t\t\t\t<div class=\"elementor-post__meta-data\">\n\t\t\t\t\t<span class=\"elementor-post-date\">\n\t\t\t29 de marzo de 2023\t\t<\/span>\n\t\t\t\t<\/div>\n\t\t\t\t<div class=\"elementor-post__excerpt\">\n\t\t\t<p>Se ha habilitado una red de puntos de recogida por todo Navarra y recogida a domicilio, con toda la informaci\u00f3n en el 607 51 39<\/p>\n\t\t<\/div>\n\t\t\n\t\t<a class=\"elementor-post__read-more\" href=\"https:\/\/productosdeapoyonavarra.es\/?p=763\" aria-label=\"Read more about Arranca la I Campa\u00f1a de Donaci\u00f3n de Productos de Apoyo de Navarra: \u00abDa una segunda vida a ese art\u00edculo arrinconado en el trastero\u00bb\" >\n\t\t\tLeer m\u00e1s \u00bb\t\t<\/a>\n\n\t\t\t\t<\/div>\n\t\t\t\t<\/article>\n\t\t\t\t<article class=\"elementor-post elementor-grid-item post-414 post type-post status-publish format-standard has-post-thumbnail hentry category-sin-categorizar\">\n\t\t\t\t<a class=\"elementor-post__thumbnail__link\" href=\"https:\/\/productosdeapoyonavarra.es\/?p=414\" >\n\t\t\t<div class=\"elementor-post__thumbnail\"><img loading=\"lazy\" decoding=\"async\" width=\"247\" height=\"300\" src=\"https:\/\/productosdeapoyonavarra.es\/wp-content\/uploads\/2022\/10\/planto-charla-247x300.jpg\" class=\"attachment-medium size-medium wp-image-412\" alt=\"\" srcset=\"https:\/\/productosdeapoyonavarra.es\/wp-content\/uploads\/2022\/10\/planto-charla-247x300.jpg 247w, https:\/\/productosdeapoyonavarra.es\/wp-content\/uploads\/2022\/10\/planto-charla.jpg 526w\" sizes=\"auto, (max-width: 247px) 100vw, 247px\" \/><\/div>\n\t\t<\/a>\n\t\t\t\t<div class=\"elementor-post__text\">\n\t\t\t\t<h3 class=\"elementor-post__title\">\n\t\t\t<a href=\"https:\/\/productosdeapoyonavarra.es\/?p=414\" >\n\t\t\t\t\u00c9xito de los grupos de participaci\u00f3n&#8230; \u00bfquieres conocer nuestro plan?\t\t\t<\/a>\n\t\t<\/h3>\n\t\t\t\t<div class=\"elementor-post__meta-data\">\n\t\t\t\t\t<span class=\"elementor-post-date\">\n\t\t\t14 de marzo de 2023\t\t<\/span>\n\t\t\t\t<\/div>\n\t\t\t\t<div class=\"elementor-post__excerpt\">\n\t\t\t<p>El pr\u00f3ximo jueves te invitamos a participar en la \u00faltima de los encuentros que hemos organizado en este comienzo de a\u00f1o para dar a conocer<\/p>\n\t\t<\/div>\n\t\t\n\t\t<a class=\"elementor-post__read-more\" href=\"https:\/\/productosdeapoyonavarra.es\/?p=414\" aria-label=\"Read more about \u00c9xito de los grupos de participaci\u00f3n&#8230; \u00bfquieres conocer nuestro plan?\" >\n\t\t\tLeer m\u00e1s \u00bb\t\t<\/a>\n\n\t\t\t\t<\/div>\n\t\t\t\t<\/article>\n\t\t\t\t<article class=\"elementor-post elementor-grid-item post-416 post type-post status-publish format-standard has-post-thumbnail hentry category-sin-categorizar\">\n\t\t\t\t<a class=\"elementor-post__thumbnail__link\" href=\"https:\/\/productosdeapoyonavarra.es\/?p=416\" >\n\t\t\t<div class=\"elementor-post__thumbnail\"><img loading=\"lazy\" decoding=\"async\" width=\"300\" height=\"208\" src=\"https:\/\/productosdeapoyonavarra.es\/wp-content\/uploads\/2023\/03\/Diseno-sin-titulo-e1678974614646-300x208.jpg\" class=\"attachment-medium size-medium wp-image-675\" alt=\"persona con discapacidad en casa\" srcset=\"https:\/\/productosdeapoyonavarra.es\/wp-content\/uploads\/2023\/03\/Diseno-sin-titulo-e1678974614646-300x208.jpg 300w, https:\/\/productosdeapoyonavarra.es\/wp-content\/uploads\/2023\/03\/Diseno-sin-titulo-e1678974614646-1024x711.jpg 1024w, https:\/\/productosdeapoyonavarra.es\/wp-content\/uploads\/2023\/03\/Diseno-sin-titulo-e1678974614646-768x533.jpg 768w, https:\/\/productosdeapoyonavarra.es\/wp-content\/uploads\/2023\/03\/Diseno-sin-titulo-e1678974614646-1536x1067.jpg 1536w, https:\/\/productosdeapoyonavarra.es\/wp-content\/uploads\/2023\/03\/Diseno-sin-titulo-e1678974614646.jpg 1555w\" sizes=\"auto, (max-width: 300px) 100vw, 300px\" \/><\/div>\n\t\t<\/a>\n\t\t\t\t<div class=\"elementor-post__text\">\n\t\t\t\t<h3 class=\"elementor-post__title\">\n\t\t\t<a href=\"https:\/\/productosdeapoyonavarra.es\/?p=416\" >\n\t\t\t\tnueva ayuda para productos de apoyo tecnol\u00f3gicos\t\t\t<\/a>\n\t\t<\/h3>\n\t\t\t\t<div class=\"elementor-post__meta-data\">\n\t\t\t\t\t<span class=\"elementor-post-date\">\n\t\t\t5 de marzo de 2023\t\t<\/span>\n\t\t\t\t<\/div>\n\t\t\t\t<div class=\"elementor-post__excerpt\">\n\t\t\t<p>El Gobierno de Navarra ha puesto en marcha una nueva ayuda para la adquisici\u00f3n e instalaci\u00f3n de productos de apoyo tecnol\u00f3gico para el cuidado de<\/p>\n\t\t<\/div>\n\t\t\n\t\t<a class=\"elementor-post__read-more\" href=\"https:\/\/productosdeapoyonavarra.es\/?p=416\" aria-label=\"Read more about nueva ayuda para productos de apoyo tecnol\u00f3gicos\" >\n\t\t\tLeer m\u00e1s \u00bb\t\t<\/a>\n\n\t\t\t\t<\/div>\n\t\t\t\t<\/article>\n\t\t\t\t<article class=\"elementor-post elementor-grid-item post-1 post type-post status-publish format-standard has-post-thumbnail hentry category-sin-categorizar\">\n\t\t\t\t<a class=\"elementor-post__thumbnail__link\" href=\"https:\/\/productosdeapoyonavarra.es\/?p=1\" >\n\t\t\t<div class=\"elementor-post__thumbnail\"><img loading=\"lazy\" decoding=\"async\" width=\"300\" height=\"245\" src=\"https:\/\/productosdeapoyonavarra.es\/wp-content\/uploads\/2022\/10\/ejemplo-plan-to-e1678970808156-300x245.jpg\" class=\"attachment-medium size-medium wp-image-411\" alt=\"\" srcset=\"https:\/\/productosdeapoyonavarra.es\/wp-content\/uploads\/2022\/10\/ejemplo-plan-to-e1678970808156-300x245.jpg 300w, https:\/\/productosdeapoyonavarra.es\/wp-content\/uploads\/2022\/10\/ejemplo-plan-to-e1678970808156.jpg 526w\" sizes=\"auto, (max-width: 300px) 100vw, 300px\" \/><\/div>\n\t\t<\/a>\n\t\t\t\t<div class=\"elementor-post__text\">\n\t\t\t\t<h3 class=\"elementor-post__title\">\n\t\t\t<a href=\"https:\/\/productosdeapoyonavarra.es\/?p=1\" >\n\t\t\t\tQueremos escuchar tus necesidades: arrancamos con los grupos de participaci\u00f3n\t\t\t<\/a>\n\t\t<\/h3>\n\t\t\t\t<div class=\"elementor-post__meta-data\">\n\t\t\t\t\t<span class=\"elementor-post-date\">\n\t\t\t20 de enero de 2023\t\t<\/span>\n\t\t\t\t<\/div>\n\t\t\t\t<div class=\"elementor-post__excerpt\">\n\t\t\t<p>Este PLAN es participativo y por ello arrancamos con grupos de participaci\u00f3n abiertos a la ciudadan\u00eda para dar a conocer el Plan de Pr\u00e9stamo de<\/p>\n\t\t<\/div>\n\t\t\n\t\t<a class=\"elementor-post__read-more\" href=\"https:\/\/productosdeapoyonavarra.es\/?p=1\" aria-label=\"Read more about Queremos escuchar tus necesidades: arrancamos con los grupos de participaci\u00f3n\" >\n\t\t\tLeer m\u00e1s \u00bb\t\t<\/a>\n\n\t\t\t\t<\/div>\n\t\t\t\t<\/article>\n\t\t\t\t<\/div>\n\t\t\n\t\t\t\t<\/div>\n\t\t\t\t<\/div>\n\t\t\t\t\t<\/div>\n\t\t<\/div>\n\t\t\t\t\t\t\t<\/div>\n\t\t<\/section>\n\t\t\t\t\t\t\t<\/div>\n\t\t","protected":false},"excerpt":{"rendered":"<p>Blog Noticias y experiencias del Plan de pr\u00e9stamo de productos de apoyo de Navarra<\/p>\n","protected":false},"author":2,"featured_media":0,"parent":0,"menu_order":0,"comment_status":"closed","ping_status":"closed","template":"","meta":{"footnotes":""},"class_list":["post-434","page","type-page","status-publish","hentry"],"yoast_head":"<!-- This site is optimized with the Yoast SEO plugin v20.3 - https:\/\/yoast.com\/wordpress\/plugins\/seo\/ -->\n<title>blog - Productos de Apoyo Navarra<\/title>\n<meta name=\"robots\" content=\"index, follow, max-snippet:-1, max-image-preview:large, max-video-preview:-1\" \/>\n<link rel=\"canonical\" href=\"https:\/\/productosdeapoyonavarra.es\/?page_id=434\" \/>\n<meta property=\"og:locale\" content=\"es_ES\" \/>\n<meta property=\"og:type\" content=\"article\" \/>\n<meta property=\"og:title\" content=\"blog - Productos de Apoyo Navarra\" \/>\n<meta property=\"og:description\" content=\"Blog Noticias y experiencias del Plan de pr\u00e9stamo de productos de apoyo de Navarra\" \/>\n<meta property=\"og:url\" content=\"https:\/\/productosdeapoyonavarra.es\/?page_id=434\" \/>\n<meta property=\"og:site_name\" content=\"Productos de Apoyo Navarra\" \/>\n<meta property=\"article:modified_time\" content=\"2023-03-16T17:22:46+00:00\" \/>\n<meta name=\"twitter:card\" content=\"summary_large_image\" \/>\n<meta name=\"twitter:label1\" content=\"Tiempo de lectura\" \/>\n\t<meta name=\"twitter:data1\" content=\"1 minuto\" \/>\n<script type=\"application\/ld+json\" class=\"yoast-schema-graph\">{\"@context\":\"https:\/\/schema.org\",\"@graph\":[{\"@type\":\"WebPage\",\"@id\":\"https:\/\/productosdeapoyonavarra.es\/?page_id=434\",\"url\":\"https:\/\/productosdeapoyonavarra.es\/?page_id=434\",\"name\":\"blog - Productos de Apoyo Navarra\",\"isPartOf\":{\"@id\":\"https:\/\/productosdeapoyonavarra.es\/#website\"},\"datePublished\":\"2023-03-14T21:39:24+00:00\",\"dateModified\":\"2023-03-16T17:22:46+00:00\",\"breadcrumb\":{\"@id\":\"https:\/\/productosdeapoyonavarra.es\/?page_id=434#breadcrumb\"},\"inLanguage\":\"es\",\"potentialAction\":[{\"@type\":\"ReadAction\",\"target\":[\"https:\/\/productosdeapoyonavarra.es\/?page_id=434\"]}]},{\"@type\":\"BreadcrumbList\",\"@id\":\"https:\/\/productosdeapoyonavarra.es\/?page_id=434#breadcrumb\",\"itemListElement\":[{\"@type\":\"ListItem\",\"position\":1,\"name\":\"Portada\",\"item\":\"https:\/\/productosdeapoyonavarra.es\/\"},{\"@type\":\"ListItem\",\"position\":2,\"name\":\"blog\"}]},{\"@type\":\"WebSite\",\"@id\":\"https:\/\/productosdeapoyonavarra.es\/#website\",\"url\":\"https:\/\/productosdeapoyonavarra.es\/\",\"name\":\"Productos de Apoyo Navarra\",\"description\":\"Plan de prestamo de productos de apoyo de Navarra\",\"publisher\":{\"@id\":\"https:\/\/productosdeapoyonavarra.es\/#organization\"},\"potentialAction\":[{\"@type\":\"SearchAction\",\"target\":{\"@type\":\"EntryPoint\",\"urlTemplate\":\"https:\/\/productosdeapoyonavarra.es\/?s={search_term_string}\"},\"query-input\":\"required name=search_term_string\"}],\"inLanguage\":\"es\"},{\"@type\":\"Organization\",\"@id\":\"https:\/\/productosdeapoyonavarra.es\/#organization\",\"name\":\"Plan de pr\u00e9stamo de productos de apoyo de Navarra\",\"url\":\"https:\/\/productosdeapoyonavarra.es\/\",\"logo\":{\"@type\":\"ImageObject\",\"inLanguage\":\"es\",\"@id\":\"https:\/\/productosdeapoyonavarra.es\/#\/schema\/logo\/image\/\",\"url\":\"https:\/\/productosdeapoyonavarra.es\/wp-content\/uploads\/2022\/10\/LOGO-plan-horizontal.jpg\",\"contentUrl\":\"https:\/\/productosdeapoyonavarra.es\/wp-content\/uploads\/2022\/10\/LOGO-plan-horizontal.jpg\",\"width\":1346,\"height\":324,\"caption\":\"Plan de pr\u00e9stamo de productos de apoyo de Navarra\"},\"image\":{\"@id\":\"https:\/\/productosdeapoyonavarra.es\/#\/schema\/logo\/image\/\"}}]}<\/script>\n<!-- \/ Yoast SEO plugin. -->","yoast_head_json":{"title":"blog - Productos de Apoyo Navarra","robots":{"index":"index","follow":"follow","max-snippet":"max-snippet:-1","max-image-preview":"max-image-preview:large","max-video-preview":"max-video-preview:-1"},"canonical":"https:\/\/productosdeapoyonavarra.es\/?page_id=434","og_locale":"es_ES","og_type":"article","og_title":"blog - Productos de Apoyo Navarra","og_description":"Blog Noticias y experiencias del Plan de pr\u00e9stamo de productos de apoyo de Navarra","og_url":"https:\/\/productosdeapoyonavarra.es\/?page_id=434","og_site_name":"Productos de Apoyo Navarra","article_modified_time":"2023-03-16T17:22:46+00:00","twitter_card":"summary_large_image","twitter_misc":{"Tiempo de lectura":"1 minuto"},"schema":{"@context":"https:\/\/schema.org","@graph":[{"@type":"WebPage","@id":"https:\/\/productosdeapoyonavarra.es\/?page_id=434","url":"https:\/\/productosdeapoyonavarra.es\/?page_id=434","name":"blog - Productos de Apoyo Navarra","isPartOf":{"@id":"https:\/\/productosdeapoyonavarra.es\/#website"},"datePublished":"2023-03-14T21:39:24+00:00","dateModified":"2023-03-16T17:22:46+00:00","breadcrumb":{"@id":"https:\/\/productosdeapoyonavarra.es\/?page_id=434#breadcrumb"},"inLanguage":"es","potentialAction":[{"@type":"ReadAction","target":["https:\/\/productosdeapoyonavarra.es\/?page_id=434"]}]},{"@type":"BreadcrumbList","@id":"https:\/\/productosdeapoyonavarra.es\/?page_id=434#breadcrumb","itemListElement":[{"@type":"ListItem","position":1,"name":"Portada","item":"https:\/\/productosdeapoyonavarra.es\/"},{"@type":"ListItem","position":2,"name":"blog"}]},{"@type":"WebSite","@id":"https:\/\/productosdeapoyonavarra.es\/#website","url":"https:\/\/productosdeapoyonavarra.es\/","name":"Productos de Apoyo Navarra","description":"Plan de prestamo de productos de apoyo de Navarra","publisher":{"@id":"https:\/\/productosdeapoyonavarra.es\/#organization"},"potentialAction":[{"@type":"SearchAction","target":{"@type":"EntryPoint","urlTemplate":"https:\/\/productosdeapoyonavarra.es\/?s={search_term_string}"},"query-input":"required name=search_term_string"}],"inLanguage":"es"},{"@type":"Organization","@id":"https:\/\/productosdeapoyonavarra.es\/#organization","name":"Plan de pr\u00e9stamo de productos de apoyo de Navarra","url":"https:\/\/productosdeapoyonavarra.es\/","logo":{"@type":"ImageObject","inLanguage":"es","@id":"https:\/\/productosdeapoyonavarra.es\/#\/schema\/logo\/image\/","url":"https:\/\/productosdeapoyonavarra.es\/wp-content\/uploads\/2022\/10\/LOGO-plan-horizontal.jpg","contentUrl":"https:\/\/productosdeapoyonavarra.es\/wp-content\/uploads\/2022\/10\/LOGO-plan-horizontal.jpg","width":1346,"height":324,"caption":"Plan de pr\u00e9stamo de productos de apoyo de Navarra"},"image":{"@id":"https:\/\/productosdeapoyonavarra.es\/#\/schema\/logo\/image\/"}}]}},"_links":{"self":[{"href":"https:\/\/productosdeapoyonavarra.es\/index.php?rest_route=\/wp\/v2\/pages\/434","targetHints":{"allow":["GET"]}}],"collection":[{"href":"https:\/\/productosdeapoyonavarra.es\/index.php?rest_route=\/wp\/v2\/pages"}],"about":[{"href":"https:\/\/productosdeapoyonavarra.es\/index.php?rest_route=\/wp\/v2\/types\/page"}],"author":[{"embeddable":true,"href":"https:\/\/productosdeapoyonavarra.es\/index.php?rest_route=\/wp\/v2\/users\/2"}],"replies":[{"embeddable":true,"href":"https:\/\/productosdeapoyonavarra.es\/index.php?rest_route=%2Fwp%2Fv2%2Fcomments&post=434"}],"version-history":[{"count":12,"href":"https:\/\/productosdeapoyonavarra.es\/index.php?rest_route=\/wp\/v2\/pages\/434\/revisions"}],"predecessor-version":[{"id":529,"href":"https:\/\/productosdeapoyonavarra.es\/index.php?rest_route=\/wp\/v2\/pages\/434\/revisions\/529"}],"wp:attachment":[{"href":"https:\/\/productosdeapoyonavarra.es\/index.php?rest_route=%2Fwp%2Fv2%2Fmedia&parent=434"}],"curies":[{"name":"wp","href":"https:\/\/api.w.org\/{rel}","templated":true}]}}